















































































































































































{"id":307,"date":"2020-06-25T20:10:12","date_gmt":"2020-06-25T23:10:12","guid":{"rendered":"http:\/\/yinnyann.com\/?page_id=307"},"modified":"2025-12-31T18:47:57","modified_gmt":"2025-12-31T17:47:57","slug":"french-seo-translator-video-game-desktop-publisher","status":"publish","type":"page","link":"https:\/\/yinnyann.com\/es\/","title":{"rendered":""},"content":{"rendered":"<h5><strong>Francia<\/strong>\u00a024 \u00bb <strong>Espa\u00f1a<\/strong>\u00a015 \u00bb <strong>Brasil<\/strong> 8 \u00bb <strong>Espa\u00f1a +2<\/strong><\/h5>\n<div class=\"su-spacer\" style=\"height:22px\"><\/div>\n<h1>\u00a1Hola!<\/h1>\n<p>Soy Yann, alias <em>yinnyann<\/em> \/\/.<\/p>\n<h1 class=\"has-text-color\" style=\"color: #ff7272;\"><strong>Traductor franc\u00e9s de videojuegos<\/strong> y <strong>aplicaciones m\u00f3viles<\/strong>\/.<\/h1>\n<h1 class=\"has-text-color\" style=\"color: #ff7272;\"><strong>Traductor SEO<\/strong> y <strong>subtitulador de v\u00eddeo<\/strong>\/.<\/h1>\n<h1 class=\"has-text-color\" style=\"color: #ff7272;\"><strong>Dise\u00f1ador gr\u00e1fico<\/strong> y <strong>maquetador<\/strong>\/\/.<\/h1>\n<div class=\"su-spacer\" style=\"height:22px\"><\/div>\n<h3>\u00bb Trabajo con SEO, TAO, <em>LQA<\/em>, <em>DTP<\/em>, <em>XL8<\/em><br \/>\n\u2026\u00a0y otras muchas siglas extra\u00f1as.<\/h3>\n<div class=\"su-spacer\" style=\"height:11px\"><\/div>\nSobre todo, s\u00e9 lo esencial que es <strong>encontrar las palabras adecuadas<\/strong> y <strong>elegir im\u00e1genes que hablan por s\u00ed solas<\/strong>.<br \/>\nNacido en el norte de Francia, vivo fuera de mi tierra natal desde hace un tiempo:<\/p>\n<ul>\n<li>24\u00a0a\u00f1os en Lille y Rennes,\u00a0<em>Francia<\/em>.<\/li>\n<li>15+2 a\u00f1os en Valencia, <em>Espa\u00f1a<\/em>.<\/li>\n<li>8\u00a0a\u00f1os en S\u00e3o Paulo y Ubatuba, <em>Brasil<\/em>.<\/li>\n<li><del>Muy pronto<\/del>, <del>En cuanto pueda<\/del>, <del>Alg\u00fan d\u00eda pos-COVID<\/del> Desde junio de 2023, estoy de vuelta en Espa\u00f1a.<\/li>\n<\/ul>\n<div class=\"su-spacer\" style=\"height:22px\"><\/div>\n<h2>Traduzco, localizo y subtitulo desde el <strong>ingl\u00e9s<\/strong>, <strong>castellano<\/strong> y <strong>portugu\u00e9s de Brasil<\/strong> hacia el <strong>franc\u00e9s<\/strong>\/.<br \/>\nY a veces, del <strong>franc\u00e9s<\/strong> y <strong>portugu\u00e9s brasile\u00f1o<\/strong> hacia el <strong>espa\u00f1ol<\/strong>\/\/.<\/h2>\n<div class=\"su-spacer\" style=\"height:11px\"><\/div>\n\u2248 Eso es, hacia mi lengua materna <strong>\/\u00a0EN<\/strong>\u2011<strong>PTBR<\/strong>\u2011<strong>ES\u00a0 \u2192 FR \/<\/strong> y mi segunda lengua <strong>\/ FR<\/strong>&#8211;<strong>PTBR\u00a0 \u2192 ES \/<\/strong>.<br \/>\n\u2248 O sea <strong>\/ EN<\/strong>\u2011<strong>PTBR \u2192 FR \/<\/strong> y \/ <strong>FR &#x2194;\u202fES \/<\/strong>.<br \/>\n\u2248 Y para rizar el rizo <strong>\/ EN \u2192 FR \/<\/strong> + <strong>\/ PTBR \u2192 FR \/<\/strong> + <strong>\/ ES \u2192 FR \/<\/strong> + <strong>\/ FR \u2192 ES \/<\/strong> + <strong>\/ PTBR \u2192 ES \/<\/strong>\/.<\/p>\n<p>\u2234\u202f Pero vayamos al grano y veamos lo que le puedo ofrecer<strong>\u00a0\u2192<\/strong><br \/>\n<div class=\"su-spacer\" style=\"height:33px\"><\/div>\n<h3><strong>Redacci\u00f3n creativa<\/strong> y <strong>posicionamiento web<\/strong>, <strong>retoque fotogr\u00e1fico<\/strong>, <strong>dise\u00f1o<\/strong> y <strong>maquetaci\u00f3n<\/strong><\/h3>\n<div class=\"su-spacer\" style=\"height:11px\"><\/div>\nDurante los \u00faltimos 20\u00a0a\u00f1os, he trabajado en diversos \u00e1mbitos y sectores:<\/p>\n<ul>\n<li><strong><em>Preimpresi\u00f3n<\/em><\/strong><br \/>\n(escaneo, maquetaci\u00f3n, ajuste de im\u00e1genes, pruebas de color, revisi\u00f3n, imposici\u00f3n, directo a planchas)<\/li>\n<li><strong><em>Videojuegos<\/em><\/strong><br \/>\n(traducci\u00f3n, revisi\u00f3n, control de calidad ling\u00fc\u00edstica, atenci\u00f3n al cliente)<\/li>\n<li><strong><em>Atenci\u00f3n al cliente y Servicio t\u00e9cnico<\/em><\/strong><\/li>\n<li><strong><em>Posicionamiento en buscadores<\/em><\/strong><br \/>\n(el famoso <em>SEO<\/em>, literalmente \u00aboptimizaci\u00f3n de p\u00e1ginas web para los motores de b\u00fasqueda\u00bb)<\/li>\n<li><strong><em>Dise\u00f1o gr\u00e1fico y maquetaci\u00f3n<\/em><\/strong><\/li>\n<li><strong><em>Redacci\u00f3n web<\/em><\/strong><\/li>\n<li><em><strong>Patrimonio cultural<\/strong><\/em><\/li>\n<li><strong><em>Turismo<\/em><\/strong><\/li>\n<li><strong><em>Traducci\u00f3n SEO<\/em><\/strong><\/li>\n<li><strong><em>Transcreaci\u00f3n<\/em><\/strong><\/li>\n<li><strong><em>Redes sociales<\/em><\/strong><\/li>\n<\/ul>\n<p>Y en mis horas \u00abvagas\u00bb tambi\u00e9n soy:<\/p>\n<ul>\n<li>Fot\u00f3grafo dominguero<\/li>\n<li>Lector compulsivo<\/li>\n<li>Tip\u00f3grafo aficionado<\/li>\n<li>Esteta y mel\u00f3mano<\/li>\n<li>Eterno alumno de capoeira angola<\/li>\n<li>Todo un amante de la cultura \ud83d\ude0e<\/li>\n<\/ul>\n<div class=\"su-spacer\" style=\"height:11px\"><\/div>\n<h3>\u2192 Solo o en equipo, durante los \u00faltimos 10 a\u00f1os desempe\u00f1o a diario tareas de <strong>escritura creativa<\/strong>, <strong>posicionamiento SEO<\/strong> y <strong>traducci\u00f3n de videojuegos<\/strong>, as\u00ed como de <strong>control de calidad ling\u00fc\u00edstica<\/strong>, <strong>asistencia t\u00e9cnica<\/strong> y <strong>atenci\u00f3n al cliente<\/strong>.<\/h3>\n<div class=\"su-spacer\" style=\"height:22px\"><\/div>\nVamos, que sigo curioso y abierto a nuevos retos.<br \/>\n<div class=\"su-spacer\" style=\"height:40px\"><\/div>\n<h6><span style=\"color: #ff7272;\">Presupuestos e informaciones:<\/span><br \/>\n<div class=\"su-animate\" style=\"opacity:0;-webkit-animation-duration:1s;-webkit-animation-delay:0s;animation-duration:1s;animation-delay:0s;\" data-animation=\"bounceIn\" data-duration=\"1\" data-delay=\"0\">\n<a href=\"mailto:info@yinnyann.com\" class=\"su-button su-button-style-flat\" style=\"color:#FFFFFF;background-color:#ff5C5C;border-color:#cc4a4a;border-radius:6px\" target=\"_blank\" rel=\"noopener noreferrer\" title=\"Escr\u00edbeme @yinnyann\"><span style=\"color:#FFFFFF;padding:0px 40px;font-size:29px;line-height:58px;border-color:#ff8d8d;border-radius:6px;text-shadow:none\"> <i class=\"fa fa-envelope fa-1x\"><\/i><strong> CONTACTAR AQU\u00cd <\/strong><\/span><\/a><\/div><\/h6>\n<div class=\"su-spacer\" style=\"height:40px\"><\/div>\n<div id=\"my-footer\" class=\"lista\">\n<ul>\n<li><a title=\"curr\u00edculo\" href=\"https:\/\/www.linkedin.com\/in\/yinnyann\/?locale=es_ES\" target=\"_blank\" rel=\"noopener noreferrer\"><i class=\"fa fa-linkedin-square fa-2x\"><\/i><\/a><\/li>\n<li><a title=\"portafolio dise\u00f1o\" href=\"https:\/\/www.behance.net\/yinnyann\/\" target=\"_blank\" rel=\"noopener noreferrer\"><i class=\"fa fa-behance-square fa-2x\"><\/i><\/a><\/li>\n<li><a title=\"fotos\" href=\"https:\/\/instagram.com\/yinnyann01\/\" target=\"_blank\" rel=\"noopener noreferrer\"><i class=\"fa fa-instagram fa-2x\"><\/i><\/a><\/li>\n<li><a title=\"noticias... DEP\" href=\"http:\/\/www.twitter.com\/mascaca\/\" target=\"_blank\" rel=\"noopener noreferrer\"><i class=\"fa fa-twitter-square fa-2x\"><\/i><\/a><\/li>\n<li><a title=\"referencias gr\u00e1ficas\" href=\"https:\/\/es.pinterest.com\/yinnyann\/\" target=\"_blank\" rel=\"noopener noreferrer\"><i class=\"fa fa-pinterest-square fa-2x\"><\/i><\/a><\/li>\n<li><a title=\"blog gr\u00e1fico y musical\" href=\"http:\/\/mascaca.tumblr.com\/\" target=\"_blank\" rel=\"noopener noreferrer\"><i class=\"fa fa-tumblr-square fa-2x\"><\/i><\/a><\/li>\n<li><a title=\"traductor profesional en ProZ\" href=\"http:\/\/www.proz.com\/translator\/2154230\" target=\"_blank\" rel=\"noopener noreferrer\"><i class=\"fa fa-pencil-square-o fa-2x\"><\/i><\/a><\/li>\n<li><a title=\"ProZ, the translation workplace\" href=\"https:\/\/www.proz.com\/profile\/2154230\"><img loading=\"lazy\" decoding=\"async\" border=\"0\" src=\"https:\/\/cfcdn.proz.com\/images\/affiliates\/proz_translation_workplace.gif\" alt=\"Mi perfil de translator en ProZ\" width=\"125\" height=\"25\"><\/a><\/li>\n<\/ul>\n<\/div>\n<div class=\"su-spacer\" style=\"height:11px\"><\/div>\n<img loading=\"lazy\" decoding=\"async\" class=\"alignleft wp-image-978 size-full\" src=\"https:\/\/yinnyann.com\/wp-content\/uploads\/2019\/12\/memoQ_level1_certified_logo.png\" alt=\"Certificado de MemoQ\" width=\"250\" height=\"50\" srcset=\"https:\/\/yinnyann.com\/wp-content\/uploads\/2019\/12\/memoQ_level1_certified_logo.png 250w, https:\/\/yinnyann.com\/wp-content\/uploads\/2019\/12\/memoQ_level1_certified_logo-150x30.png 150w\" sizes=\"auto, (max-width: 250px) 100vw, 250px\" \/><\/p>\n<p><!--\n#xl8 #t9n #l10n #i18n #g11n #linguistics #techxl8 #MultiLanguages #CrossCulture #1nt #translators #LSPs #xl8cpd #localization #translation #language\n \t\n\n<li><a title=\"FB (curator)\" href=\"http:\/\/www.facebook.com\/yinnyannoriginal\/\" target=\"_blank\" rel=\"noopener noreferrer\">\n<i class=\"fa fa-facebook-square fa-2x\"><\/i>\n<\/a><\/li>\n\n\n--><\/p>\n","protected":false},"excerpt":{"rendered":"<p>Francia\u00a024 \u00bb Espa\u00f1a\u00a015 \u00bb Brasil 8 \u00bb Espa\u00f1a +2 \u00a1Hola! Soy Yann, alias yinnyann \/\/. Traductor franc\u00e9s de videojuegos y aplicaciones m\u00f3viles\/. Traductor SEO y subtitulador de v\u00eddeo\/. Dise\u00f1ador gr\u00e1fico y maquetador\/\/. \u00bb Trabajo con SEO, TAO, LQA, DTP, XL8 \u2026\u00a0y otras muchas siglas extra\u00f1as. Sobre todo, s\u00e9 lo esencial[\u2026] <a class=\"continue-reading-link\" href=\"https:\/\/yinnyann.com\/es\/\">+<\/a><\/p>\n","protected":false},"author":1,"featured_media":357,"parent":0,"menu_order":0,"comment_status":"closed","ping_status":"closed","template":"","meta":{"footnotes":""},"class_list":["post-307","page","type-page","status-publish","has-post-thumbnail","hentry"],"translation":{"provider":"WPGlobus","version":"3.0.2","language":"es","enabled_languages":["en","fr","es","br"],"languages":{"en":{"title":false,"content":true,"excerpt":false},"fr":{"title":false,"content":true,"excerpt":false},"es":{"title":false,"content":true,"excerpt":false},"br":{"title":false,"content":true,"excerpt":false}}},"_links":{"self":[{"href":"https:\/\/yinnyann.com\/es\/wp-json\/wp\/v2\/pages\/307","targetHints":{"allow":["GET"]}}],"collection":[{"href":"https:\/\/yinnyann.com\/es\/wp-json\/wp\/v2\/pages"}],"about":[{"href":"https:\/\/yinnyann.com\/es\/wp-json\/wp\/v2\/types\/page"}],"author":[{"embeddable":true,"href":"https:\/\/yinnyann.com\/es\/wp-json\/wp\/v2\/users\/1"}],"replies":[{"embeddable":true,"href":"https:\/\/yinnyann.com\/es\/wp-json\/wp\/v2\/comments?post=307"}],"version-history":[{"count":1851,"href":"https:\/\/yinnyann.com\/es\/wp-json\/wp\/v2\/pages\/307\/revisions"}],"predecessor-version":[{"id":2776,"href":"https:\/\/yinnyann.com\/es\/wp-json\/wp\/v2\/pages\/307\/revisions\/2776"}],"wp:featuredmedia":[{"embeddable":true,"href":"https:\/\/yinnyann.com\/es\/wp-json\/wp\/v2\/media\/357"}],"wp:attachment":[{"href":"https:\/\/yinnyann.com\/es\/wp-json\/wp\/v2\/media?parent=307"}],"curies":[{"name":"wp","href":"https:\/\/api.w.org\/{rel}","templated":true}]}}